{"id":8,"date":"2016-03-01T08:12:52","date_gmt":"2016-03-01T07:12:52","guid":{"rendered":"http:\/\/www.team-quaisser.de\/vce\/?page_id=8"},"modified":"2025-09-10T21:08:26","modified_gmt":"2025-09-10T19:08:26","slug":"vce-duderstadt","status":"publish","type":"page","link":"http:\/\/www.team-quaisser.de\/vce\/vce-duderstadt\/","title":{"rendered":"VCE Duderstadt"},"content":{"rendered":"\n<p><\/p>\n\n\n\n<p><strong>Der VCE hat eine neue Internetpr\u00e4senz:<\/strong> <\/p>\n\n\n\n<p><a rel=\"noreferrer noopener\" href=\"https:\/\/veloclubeichsfeld.de\/\" target=\"_blank\">https:\/\/veloclubeichsfeld.de\/<\/a><\/p>\n\n\n\n<p><\/p>\n\n\n<h4><strong>Herzlich willkommen auf der Webseite des Velo-Club Eichsfeld Duderstadt e.V.,<\/strong><br><strong> dem Radsportverein f\u00fcr Radtouristik, Mountainbiken und Radrennen.<\/strong><\/h4>\n<p><img loading=\"lazy\" class=\"alignnone  wp-image-1388\" src=\"http:\/\/www.team-quaisser.de\/vce\/wp-content\/uploads\/2022\/06\/65257332_660639277745255_7973031250816401408_n-300x225.jpg\" alt=\"\" width=\"503\" height=\"377\" srcset=\"http:\/\/www.team-quaisser.de\/vce\/wp-content\/uploads\/2022\/06\/65257332_660639277745255_7973031250816401408_n-300x225.jpg 300w, http:\/\/www.team-quaisser.de\/vce\/wp-content\/uploads\/2022\/06\/65257332_660639277745255_7973031250816401408_n-768x576.jpg 768w, http:\/\/www.team-quaisser.de\/vce\/wp-content\/uploads\/2022\/06\/65257332_660639277745255_7973031250816401408_n.jpg 960w\" sizes=\"(max-width: 503px) 100vw, 503px\" \/><\/p>\n<p><a href=\"https:\/\/www.facebook.com\/profile.php?id=100079878374560\">VCE Duderstadt e.V. | Facebook<\/a><\/p>\n<p><a href=\"https:\/\/www.instagram.com\/vce_duderstadt\/\">VCE Duderstadt e.V. (@vce_duderstadt) \u2022 Instagram-Fotos und -Videos<\/a><\/p>\n<hr>\n<div class=\"xdj266r x11i5rnm xat24cr x1mh8g0r x1vvkbs x126k92a\">\n<div dir=\"auto\"><strong>Sterne des Sports \u2013 Velo Club Eichsfeld e.V.<\/strong><\/div>\n<div dir=\"auto\">Die Gemeinschaft in den Vereinen zu st\u00e4rken und das ehrenamtliche Engagement in der Region zu f\u00f6rdern und zu w\u00fcrdigen, ist der Volksbank ein wichtiges Anliegen. Daf\u00fcr werden j\u00e4hrlich \u00fcber 300.000 Euro eingesetzt, um viele Projekte in unserer Region zu erm\u00f6glichen.<\/div>\n<div dir=\"auto\">Ein besonderes Highlight ist auch in diesem Jahr ist der Vereinswettbewerb \u201eSterne des Sports\u201c. Bei diesem Wettbewerb zeichnet der Deutsche Olympische Sportbund (DOSB) und die Volksbanken Raiffeisenbanken gesellschaftlich engagierte Vereine gleich dreimal aus. Der Verein kann auf kommunaler, Landes- und sogar auf Bundesebene gewinnen. Mitmachen lohnt sich!<\/div>\n<div dir=\"auto\">Die &#8222;Sterne des Sports&#8220; in Bronze werden an Vereine in jeweiligen Gesch\u00e4ftsgebiet verliehen. Der Sportverein mit der besten Bewerbung gewinnt den &#8222;Gro\u00dfen Stern des Sports&#8220; in Bronze und ist automatisch f\u00fcr die Teilnahme am Wettbewerb auf Landesebene und f\u00fcr die &#8222;Sterne des Sports&#8220; in Silber qualifiziert.<\/div>\n<div dir=\"auto\">Als Sieger des Bronzesterns erhielt der Velo-Club Eichsfeld e.V. neben dem Bronzestern eine Geldpr\u00e4mie der VR-Bank Mitte eG in H\u00f6he von 1.000 Euro.<\/div>\n<div dir=\"auto\">Der Velo Club zeichnet sich durch besonderes Engagement in Gieboldehausen aus. Die Fahrrad-Cross-Strecke des Vereins besteht derzeit aus sechs Crossh\u00fcgeln, welche in kompletter Eigenarbeit geplant und im Fr\u00fchjahr 2020 erstellt wurden. Die f\u00fcr Kinder und Jugendliche frei zug\u00e4ngliche Cross-Strecke entpuppte sich in den letzten zwei Jahren als beliebter Treffpunkt. Vom High-End-Mountainbike \u00fcber das Kinder-Lauflernrad bis hin zum normalen Alltags-Drahtesel sind hier alle Fahrradmodelle anzutreffen. Bei der Erweiterung legten die engagierten Mitglieder des Velo Clubs Eichsfeld e.V. selbst Hand an.<\/div>\n<div dir=\"auto\">Bei den &#8222;Sternen des Sports&#8220; in Silber k\u00e4mpft der Velo Club Eichsfeld e.V. um den Sieg auf Landesebene. Alle Gewinner der &#8222;Gro\u00dfen Sterne des Sports&#8220; in Bronze stellen sich einer Jury des jeweiligen Landessportbundes und des regionalen Genossenschaftsverbandes. Der bestplatzierte Verein erh\u00e4lt den &#8222;Gro\u00dfen Stern des Sports&#8220; in Silber sowie eine Geldpr\u00e4mie und konkurriert dann mit den \u00fcbrigen Landessiegern um die &#8222;Sterne des Sports&#8220; in Gold.<\/div>\n<\/div>\n<div class=\"x11i5rnm xat24cr x1mh8g0r x1vvkbs xtlvy1s x126k92a\">\n<div dir=\"auto\">Autorin des Textes: Vanessa Neugeborn<\/div>\n<div dir=\"auto\">Foto: Vanessa Neugeborn<\/div>\n<div dir=\"auto\">Foto: v.l. Emil Sommer, Jannis M\u00fcller, Hannes und Nele Kohlrautz, Michael Kohlrautz, Verena und Malte Schr\u00f6ter, Svend Hagen (VR- Bank), Lothar Laake, Ren\u00e9 Berndt<\/div>\n<div dir=\"auto\"><img loading=\"lazy\" class=\"alignnone size-medium wp-image-1422\" src=\"http:\/\/www.team-quaisser.de\/vce\/wp-content\/uploads\/2022\/10\/311372610_157847720221173_1443558197572520055_n-300x225.jpg\" alt=\"\" width=\"300\" height=\"225\" srcset=\"http:\/\/www.team-quaisser.de\/vce\/wp-content\/uploads\/2022\/10\/311372610_157847720221173_1443558197572520055_n-300x225.jpg 300w, http:\/\/www.team-quaisser.de\/vce\/wp-content\/uploads\/2022\/10\/311372610_157847720221173_1443558197572520055_n-1024x768.jpg 1024w, http:\/\/www.team-quaisser.de\/vce\/wp-content\/uploads\/2022\/10\/311372610_157847720221173_1443558197572520055_n-768x576.jpg 768w, http:\/\/www.team-quaisser.de\/vce\/wp-content\/uploads\/2022\/10\/311372610_157847720221173_1443558197572520055_n.jpg 1080w\" sizes=\"(max-width: 300px) 100vw, 300px\" \/><\/div>\n<\/div>\n<hr>\n<h5>&nbsp;<\/h5>\n<p><\/p>\n<h5>&nbsp;<\/h5>\n<h5><strong>Werbung<\/strong><br>An dieser Stelle m\u00f6chten wir euch unsere zwei neuen Partner vorstellen, die sich Finanziell f\u00fcr den #BikeParkGiebo stark machen.<\/h5>\n<h5>Neben der Koblenzer @mmv Gruppe, einem Spezialist f\u00fcr Finanzierung, Leasing und Geldanlagen mit einer Filiale in G\u00f6ttingen und der @Harz Energie, dem Stromanbieter aus Osterode engagieren sich jetzt zwei starke Sponsoren an unserer Seite.<\/h5>\n<h5>Wir sagen Danke f\u00fcr die gro\u00dfz\u00fcgige Unterst\u00fctzung, die uns weitere Arbeiten am BikePark erm\u00f6glichen.<\/h5>\n<h5>#mmv Gruppe <a href=\"http:\/\/www.mmv.de\">www.mmv.de<\/a><\/h5>\n<h5>#Harz Energie<\/h5>\n<h5><a href=\"http:\/\/www.harzenergie.de\">www.harzenergie.de<\/a><\/h5>\n<h3><span style=\"color: #00ff00;\"><span style=\"text-decoration: underline;\">Unsere Termine f\u00fcr 2023 siehe auch Events:<\/span><\/span><\/h3>\n<div class=\"xdj266r x11i5rnm xat24cr x1mh8g0r x1vvkbs x126k92a\">\n<div dir=\"auto\">16. APRIL 2023 UM 10:00 31. RTF Quer durch das Eichsfeld<\/div>\n<\/div>\n<div class=\"x1e56ztr x1xmf6yo\"><span class=\"x193iq5w xeuugli x13faqbe x1vvkbs x1xmvt09 x1lliihq x1s928wv xhkezso x1gmr53x x1cpjm7i x1fgarty x1943h6x xudqn12 x3x7a5m x6prxxf xvq8zen x1xlr1w8 x1a1m0xk x1yc453h\" dir=\"auto\">26. M\u00c4RZ 2023 UM 09:00&nbsp; Eichsfelder Radsporttag<\/span><\/div>\n<p><\/p>\n<h3><span style=\"color: #00ff00;\"><span style=\"text-decoration: underline;\">Unsere Termine f\u00fcr 2022:<\/span><\/span><\/h3>\n<div class=\"xdj266r x11i5rnm xat24cr x1mh8g0r x1vvkbs x126k92a\">\n<div dir=\"auto\">27.11.22 1. Rhume Graveln&nbsp; (Details siehe Rubrik <a href=\"http:\/\/www.team-quaisser.de\/vce\/events\/\">Event<\/a>)<\/div>\n<\/div>\n<div class=\"x11i5rnm xat24cr x1mh8g0r x1vvkbs xtlvy1s x126k92a\">\n<div dir=\"auto\"><span style=\"font-size: revert;\">27.03.22 RTF Quer durch das Eichsfeld (Details siehe Rubrik <\/span><a style=\"font-size: revert;\" href=\"http:\/\/www.team-quaisser.de\/vce\/rtf\/\">RTF<\/a><span style=\"font-size: revert;\">)<\/span><\/div>\n<\/div>\n<p>20.03.22 1. Rennen der VCE Racing League (Details siehe Rubrik <a href=\"http:\/\/www.team-quaisser.de\/vce\/events\/\">Event<\/a>)<\/p>\n<p><\/p>\n<h3><span style=\"color: #00ff00;\"><span style=\"text-decoration: underline;\">Unsere Termine f\u00fcr 2020:<\/span><\/span><br><span style=\"color: #00ff00;\">21.02.<\/span> &nbsp;Jahreshauptversammlung&nbsp; 18:00 Uhr<br>Gieboldehausen, Antons Gyros- und Schnitzelhaus, Hahlestr. 4<\/h3>\n<hr>\n<h3><span style=\"color: #00ff00;\"><span style=\"text-decoration: underline;\"><a href=\"https:\/\/breitensport.rad-net.de\/breitensportkalender\/termine\/2019\/29.-quer-durch-das-eichsfeld;9964645.html\" target=\"_blank\" rel=\"noopener noreferrer\"><span style=\"color: #00ff00; text-decoration: underline;\">19.04.<\/span>&nbsp; <span style=\"color: #000000; text-decoration: underline;\">Eichsfeld<\/span><\/a><\/span><\/span><span style=\"color: #000000;\"> RTF <span style=\"color: #ff00ff;\">ausgefallen<\/span><\/span><span style=\"color: #00ff00;\"><span style=\"text-decoration: underline;\"><br><\/span><\/span><\/h3>\n<h3><span style=\"color: #00ff00;\">10.10.&nbsp;<\/span> 2er Zeitfahren in Esplingerode&nbsp; <a href=\"http:\/\/www.team-quaisser.de\/vce\/2er-zeitfahren-10-10-2020-in-esplingerode-bei-duderstadt\/\">zum Bericht<\/a><\/h3>\n<h3><del><span style=\"color: #00ff00;\">08.11.<\/span> CTF Start 10:00 Uhr<\/del>&nbsp; <span style=\"color: #ff0000;\">ABGESAGT<\/span><br>Grundschule, Gieboldehausen<br>Siehe unter EVENT<\/h3>\n<p><\/p>\n<h4>&nbsp;<\/h4>\n<p><a href=\"http:\/\/www.xn--glckstour-r9a.de\/\" target=\"_blank\" rel=\"noopener noreferrer\">Wir unterst\u00fctzen die&nbsp;<img loading=\"lazy\" class=\"alignnone wp-image-607\" src=\"http:\/\/www.team-quaisser.de\/vce\/wp-content\/uploads\/2018\/02\/Glueckstour-300x120.jpg\" alt=\"Glueckstour\" width=\"185\" height=\"74\" srcset=\"http:\/\/www.team-quaisser.de\/vce\/wp-content\/uploads\/2018\/02\/Glueckstour-300x120.jpg 300w, http:\/\/www.team-quaisser.de\/vce\/wp-content\/uploads\/2018\/02\/Glueckstour.jpg 638w\" sizes=\"(max-width: 185px) 100vw, 185px\" \/><\/a><\/p>\n\n\n<p><\/p>\n","protected":false},"excerpt":{"rendered":"<p>Der VCE hat eine neue Internetpr\u00e4senz: https:\/\/veloclubeichsfeld.de\/ Herzlich willkommen auf der Webseite des Velo-Club Eichsfeld Duderstadt e.V., dem Radsportverein f\u00fcr Radtouristik, Mountainbiken und Radrennen. VCE Duderstadt e.V. | Facebook VCE Duderstadt e.V. (@vce_duderstadt) \u2022 Instagram-Fotos und -Videos Sterne des Sports \u2013 Velo Club Eichsfeld e.V. Die Gemeinschaft in den Vereinen zu st\u00e4rken und das ehrenamtliche &hellip; <a href=\"http:\/\/www.team-quaisser.de\/vce\/vce-duderstadt\/\" class=\"more-link\"><span class=\"screen-reader-text\">VCE Duderstadt<\/span> weiterlesen <span class=\"meta-nav\">&rarr;<\/span><\/a><\/p>\n","protected":false},"author":1,"featured_media":0,"parent":0,"menu_order":0,"comment_status":"closed","ping_status":"closed","template":"","meta":[],"_links":{"self":[{"href":"http:\/\/www.team-quaisser.de\/vce\/wp-json\/wp\/v2\/pages\/8"}],"collection":[{"href":"http:\/\/www.team-quaisser.de\/vce\/wp-json\/wp\/v2\/pages"}],"about":[{"href":"http:\/\/www.team-quaisser.de\/vce\/wp-json\/wp\/v2\/types\/page"}],"author":[{"embeddable":true,"href":"http:\/\/www.team-quaisser.de\/vce\/wp-json\/wp\/v2\/users\/1"}],"replies":[{"embeddable":true,"href":"http:\/\/www.team-quaisser.de\/vce\/wp-json\/wp\/v2\/comments?post=8"}],"version-history":[{"count":50,"href":"http:\/\/www.team-quaisser.de\/vce\/wp-json\/wp\/v2\/pages\/8\/revisions"}],"predecessor-version":[{"id":1535,"href":"http:\/\/www.team-quaisser.de\/vce\/wp-json\/wp\/v2\/pages\/8\/revisions\/1535"}],"wp:attachment":[{"href":"http:\/\/www.team-quaisser.de\/vce\/wp-json\/wp\/v2\/media?parent=8"}],"curies":[{"name":"wp","href":"https:\/\/api.w.org\/{rel}","templated":true}]}}