{"id":57,"date":"2016-03-02T11:12:06","date_gmt":"2016-03-02T10:12:06","guid":{"rendered":"http:\/\/www.team-quaisser.de\/vce\/?page_id=57"},"modified":"2016-03-02T11:37:04","modified_gmt":"2016-03-02T10:37:04","slug":"links","status":"publish","type":"page","link":"http:\/\/www.team-quaisser.de\/vce\/links\/","title":{"rendered":"Links"},"content":{"rendered":"<p>Verb\u00e4nde:<br \/>\n<a href=\"http:\/\/www.uci.ch\" target=\"_blank\">UCI<\/a><\/p>\n<p><a href=\"http:\/\/rad-net.de\" target=\"_blank\">BDR<\/a><\/p>\n<p><a href=\"http:\/\/www.radsportverband-niedersachsen.org\" target=\"_blank\">Radsportverband Niedersachsen<\/a><\/p>\n<p><a href=\"http:\/\/www.radsport-thueringen.de\" target=\"_blank\">Th\u00fcringer Radsportverband<\/a><\/p>\n<p><a href=\"http:\/\/www.hessen-radsport.de\" target=\"_blank\">Hessischer Radfahrerverband<\/a><\/p>\n<p><a href=\"http:\/\/www.radsportverband-nrw.de\" target=\"blanc\">Radsportverband Nordrhein-Westfalen<\/a><\/p>\n<p>Vereine:<\/p>\n<p><a href=\"http:\/\/www.tuspo-weende.de.\" target=\"blanc\">TuSpo Weende G\u00f6ttingen<\/a><\/p>\n<p><a href=\"http:\/\/www.rscwunstorf.de\" target=\"blanc\">RSC Wunstorf<\/a><\/p>\n<p><a href=\"http:\/\/www.pfeil-wingerode.de\" target=\"_blank\">RSC Pfeil Wingerode<\/a><\/p>\n<p><a href=\"http:\/\/www.rv-weisse-taube.de\/\" target=\"_blank\">RV Wei\u00dfe Taube Breitenworbis <\/a><\/p>\n<p>&nbsp;<\/p>\n<p>&nbsp;<\/p>\n<p>&nbsp;<\/p>\n<p>&nbsp;<\/p>\n","protected":false},"excerpt":{"rendered":"<p>Verb\u00e4nde: UCI BDR Radsportverband Niedersachsen Th\u00fcringer Radsportverband Hessischer Radfahrerverband Radsportverband Nordrhein-Westfalen Vereine: TuSpo Weende G\u00f6ttingen RSC Wunstorf RSC Pfeil Wingerode RV Wei\u00dfe Taube Breitenworbis &nbsp; &nbsp; &nbsp; &nbsp;<\/p>\n","protected":false},"author":1,"featured_media":0,"parent":0,"menu_order":0,"comment_status":"closed","ping_status":"closed","template":"","meta":[],"_links":{"self":[{"href":"http:\/\/www.team-quaisser.de\/vce\/wp-json\/wp\/v2\/pages\/57"}],"collection":[{"href":"http:\/\/www.team-quaisser.de\/vce\/wp-json\/wp\/v2\/pages"}],"about":[{"href":"http:\/\/www.team-quaisser.de\/vce\/wp-json\/wp\/v2\/types\/page"}],"author":[{"embeddable":true,"href":"http:\/\/www.team-quaisser.de\/vce\/wp-json\/wp\/v2\/users\/1"}],"replies":[{"embeddable":true,"href":"http:\/\/www.team-quaisser.de\/vce\/wp-json\/wp\/v2\/comments?post=57"}],"version-history":[{"count":9,"href":"http:\/\/www.team-quaisser.de\/vce\/wp-json\/wp\/v2\/pages\/57\/revisions"}],"predecessor-version":[{"id":921,"href":"http:\/\/www.team-quaisser.de\/vce\/wp-json\/wp\/v2\/pages\/57\/revisions\/921"}],"wp:attachment":[{"href":"http:\/\/www.team-quaisser.de\/vce\/wp-json\/wp\/v2\/media?parent=57"}],"curies":[{"name":"wp","href":"https:\/\/api.w.org\/{rel}","templated":true}]}}