{"id":41,"date":"2016-03-02T10:22:31","date_gmt":"2016-03-02T09:22:31","guid":{"rendered":"http:\/\/www.team-quaisser.de\/vce\/?page_id=41"},"modified":"2020-10-27T12:37:08","modified_gmt":"2020-10-27T11:37:08","slug":"mtb","status":"publish","type":"page","link":"http:\/\/www.team-quaisser.de\/vce\/mtb\/","title":{"rendered":"MTB"},"content":{"rendered":"\n<p><\/p>\n\n\n<p>Ehrentafel Medaillen und Titel bei MTB und\u00a0 Cross seit 2000<\/p>\n<p><span style=\"font-size: small;\">LV Meisterschaften<\/span><\/p>\n<table border=\"1\" width=\"80%\">\n<tbody>\n<tr>\n<td><b>Jahr<\/b><\/td>\n<td><b>Platz<\/b><\/td>\n<td><b>Sportler<\/b><\/td>\n<td><b>Ort<\/b><\/td>\n<td><b>Disziplin<\/b><\/td>\n<td><b>Altersklasse<\/b><\/td>\n<\/tr>\n<tr>\n<td>2007<\/td>\n<td>1. Platz<\/td>\n<td>Andre Kleindienst<\/td>\n<td>Buchholz\/Nordheide<\/td>\n<td>MTB Cross Country<\/td>\n<td>Elite<\/td>\n<\/tr>\n<tr>\n<td>2007<\/td>\n<td>2. Platz<\/td>\n<td>Michael Kohlrautz<\/td>\n<td>Buchholz\/Nordheide<\/td>\n<td>MTB Cross Country<\/td>\n<td>Masters I<\/td>\n<\/tr>\n<tr>\n<td>2006<\/td>\n<td>2. Platz<\/td>\n<td>Joachim B\u00fcermann<\/td>\n<td>Sch\u00f6ningen<\/td>\n<td>MTB Cross Country<\/td>\n<td>Senioren 2-4<\/td>\n<\/tr>\n<tr>\n<td>2006<\/td>\n<td>2. Platz<\/td>\n<td>J\u00f6rg H\u00fcter<\/td>\n<td>Clausthal-Zellerfeld<\/td>\n<td>MTB Marathon<\/td>\n<td>Elite<\/td>\n<\/tr>\n<tr>\n<td>2005<\/td>\n<td>1. Platz<\/td>\n<td>J\u00f6rg H\u00fcter<\/td>\n<td>Clausthal-Zellerfeld<\/td>\n<td>MTB Marathon<\/td>\n<td>Elite<\/td>\n<\/tr>\n<tr>\n<td>2005<\/td>\n<td>2. Platz<\/td>\n<td>Andre Kleindienst<\/td>\n<td>Dassel<\/td>\n<td>MTB Down Hill<\/td>\n<td>Elite<\/td>\n<\/tr>\n<tr>\n<td>1999<\/td>\n<td>1. Platz<\/td>\n<td>Till Sonntag<\/td>\n<td>???<\/td>\n<td>MTB Cross Country<\/td>\n<td>Jugend U17<\/td>\n<\/tr>\n<tr>\n<td>1997<\/td>\n<td>1. Platz<\/td>\n<td>Till Sonntag<\/td>\n<td>???<\/td>\n<td>MTB Cross Country<\/td>\n<td>Sch\u00fcler U15<\/td>\n<\/tr>\n<tr>\n<td>1997<\/td>\n<td>1. Platz<\/td>\n<td>Silke Lukat<\/td>\n<td>???<\/td>\n<td>MTB Cross Country<\/td>\n<td>Frauen<\/td>\n<\/tr>\n<\/tbody>\n<\/table>\n<p><strong>Wettbewerb und Berichte<\/strong><\/p>\n<p><strong>29.August 2020 Endurothon Schierke<\/strong><\/p>\n<div dir=\"auto\">Der Endurothon in Schierke ist f\u00fcr VCE ein gutes Terrain. Daniela wird in ihrer AK 2. Tobi in seiner AK 7.<\/div>\n<div dir=\"auto\">Till wurde guter Dritter in der U11 und Hannes in der U13 .<\/div>\n<div dir=\"auto\"><img loading=\"lazy\" class=\"\" src=\"https:\/\/scontent-frt3-1.xx.fbcdn.net\/v\/t1.0-9\/118554700_983755118767001_7417841113422879094_n.jpg?_nc_cat=108&amp;ccb=2&amp;_nc_sid=8bfeb9&amp;_nc_ohc=-0xrRkK0BysAX97gkjW&amp;_nc_oc=AQlZnANIH8bLCi52iLbLscHbM69Fs7Hsjx52qQrujEvfcl6RVmk64ohYozRrTlwbK9M&amp;_nc_ht=scontent-frt3-1.xx&amp;oh=424fddde29b607db0658df0ee1d35324&amp;oe=5FBD1AC7\" width=\"173\" height=\"173\" \/><img loading=\"lazy\" class=\"\" src=\"https:\/\/scontent-frt3-1.xx.fbcdn.net\/v\/t1.0-9\/118580619_983755075433672_8754518076070575296_n.jpg?_nc_cat=107&amp;ccb=2&amp;_nc_sid=8bfeb9&amp;_nc_ohc=O_uRj42x5rQAX8d2r0u&amp;_nc_ht=scontent-frt3-1.xx&amp;oh=d14569d7d7e2abd3eb0a601f22111cba&amp;oe=5FBE3587\" width=\"129\" height=\"172\" \/><img loading=\"lazy\" class=\"\" src=\"https:\/\/scontent-frt3-1.xx.fbcdn.net\/v\/t1.0-9\/118615701_983755018767011_4280848130935406167_n.jpg?_nc_cat=102&amp;ccb=2&amp;_nc_sid=8bfeb9&amp;_nc_ohc=duZd0fHlnfcAX8_VCJE&amp;_nc_ht=scontent-frt3-1.xx&amp;oh=10d9734ac114321380e964ae3e032433&amp;oe=5FBE484D\" width=\"129\" height=\"172\" \/><img loading=\"lazy\" class=\"\" src=\"https:\/\/scontent-frt3-1.xx.fbcdn.net\/v\/t1.0-9\/118567996_983754955433684_2319155327135807110_n.jpg?_nc_cat=108&amp;ccb=2&amp;_nc_sid=8bfeb9&amp;_nc_ohc=sl7rUBtDd9EAX9w25M1&amp;_nc_ht=scontent-frt3-1.xx&amp;oh=db516f717eb9af41f386c5b5607b1a0f&amp;oe=5FBF76D7\" width=\"173\" height=\"173\" \/><img loading=\"lazy\" class=\"\" src=\"https:\/\/scontent-frx5-1.xx.fbcdn.net\/v\/t1.0-9\/118555134_983755172100329_1228327671519014801_n.jpg?_nc_cat=111&amp;ccb=2&amp;_nc_sid=8bfeb9&amp;_nc_ohc=QRwTyQPRm-UAX9xjr4d&amp;_nc_ht=scontent-frx5-1.xx&amp;oh=b94ea44a357b7e4f15bedc0f0329d565&amp;oe=5FBE8E9D\" width=\"230\" height=\"172\" \/><img loading=\"lazy\" class=\"\" src=\"https:\/\/scontent-frx5-1.xx.fbcdn.net\/v\/t1.0-9\/118590327_983755308766982_9220683727259191046_n.jpg?_nc_cat=105&amp;ccb=2&amp;_nc_sid=8bfeb9&amp;_nc_ohc=H1M1ghEP0EMAX-adnUO&amp;_nc_ht=scontent-frx5-1.xx&amp;oh=89bd3bbfcc5ab8766cbf76014d31a23c&amp;oe=5FBEA0FC\" width=\"257\" height=\"343\" \/><img loading=\"lazy\" class=\"\" src=\"https:\/\/scontent-frt3-1.xx.fbcdn.net\/v\/t1.0-9\/118569716_983755348766978_6184552409362131000_n.jpg?_nc_cat=102&amp;ccb=2&amp;_nc_sid=8bfeb9&amp;_nc_ohc=No2y2hadrb0AX-kpZLV&amp;_nc_ht=scontent-frt3-1.xx&amp;oh=5c6a80e32d544cc87ef24bb2ad280d94&amp;oe=5FBBC2D4\" width=\"265\" height=\"199\" \/><\/div>\n<div dir=\"auto\">\u00a0<\/div>\n<div dir=\"auto\"><strong>25. Juli 2020 Stoneman Taurista<\/strong><\/div>\n<div dir=\"auto\">Michael und Tobias haben heute flei\u00dfig HM gesammelt.<\/div>\n<div dir=\"auto\"><img src=\"https:\/\/scontent-frt3-2.xx.fbcdn.net\/v\/t1.0-9\/112422925_954846334991213_3250271820232359385_n.jpg?_nc_cat=103&amp;ccb=2&amp;_nc_sid=8bfeb9&amp;_nc_ohc=TM0-6EZdeRgAX_WRG92&amp;_nc_ht=scontent-frt3-2.xx&amp;oh=0cf5fc478c28d29999144f5fa146406f&amp;oe=5FBDEB93\" \/><\/div>\n<div dir=\"auto\"><a href=\"http:\/\/www.team-quaisser.de\/vce\/wp-content\/uploads\/2020\/10\/Stoneman-Taurista-2020.mov\">Stoneman Taurista 2020<\/a><\/div>\n<div dir=\"auto\">\u00a0<\/div>\n<div dir=\"auto\">\u00a0<\/div>","protected":false},"excerpt":{"rendered":"<p>Ehrentafel Medaillen und Titel bei MTB und\u00a0 Cross seit 2000 LV Meisterschaften Jahr Platz Sportler Ort Disziplin Altersklasse 2007 1. Platz Andre Kleindienst Buchholz\/Nordheide MTB Cross Country Elite 2007 2. Platz Michael Kohlrautz Buchholz\/Nordheide MTB Cross Country Masters I 2006 2. Platz Joachim B\u00fcermann Sch\u00f6ningen MTB Cross Country Senioren 2-4 2006 2. Platz J\u00f6rg H\u00fcter &hellip; <a href=\"http:\/\/www.team-quaisser.de\/vce\/mtb\/\" class=\"more-link\"><span class=\"screen-reader-text\">MTB<\/span> weiterlesen <span class=\"meta-nav\">&rarr;<\/span><\/a><\/p>\n","protected":false},"author":1,"featured_media":0,"parent":0,"menu_order":0,"comment_status":"closed","ping_status":"closed","template":"","meta":[],"_links":{"self":[{"href":"http:\/\/www.team-quaisser.de\/vce\/wp-json\/wp\/v2\/pages\/41"}],"collection":[{"href":"http:\/\/www.team-quaisser.de\/vce\/wp-json\/wp\/v2\/pages"}],"about":[{"href":"http:\/\/www.team-quaisser.de\/vce\/wp-json\/wp\/v2\/types\/page"}],"author":[{"embeddable":true,"href":"http:\/\/www.team-quaisser.de\/vce\/wp-json\/wp\/v2\/users\/1"}],"replies":[{"embeddable":true,"href":"http:\/\/www.team-quaisser.de\/vce\/wp-json\/wp\/v2\/comments?post=41"}],"version-history":[{"count":8,"href":"http:\/\/www.team-quaisser.de\/vce\/wp-json\/wp\/v2\/pages\/41\/revisions"}],"predecessor-version":[{"id":1213,"href":"http:\/\/www.team-quaisser.de\/vce\/wp-json\/wp\/v2\/pages\/41\/revisions\/1213"}],"wp:attachment":[{"href":"http:\/\/www.team-quaisser.de\/vce\/wp-json\/wp\/v2\/media?parent=41"}],"curies":[{"name":"wp","href":"https:\/\/api.w.org\/{rel}","templated":true}]}}