{"id":39,"date":"2016-03-02T09:25:09","date_gmt":"2016-03-02T08:25:09","guid":{"rendered":"http:\/\/www.team-quaisser.de\/vce\/?page_id=39"},"modified":"2019-04-03T20:16:11","modified_gmt":"2019-04-03T18:16:11","slug":"radrennen","status":"publish","type":"page","link":"http:\/\/www.team-quaisser.de\/vce\/radrennen\/","title":{"rendered":"Radrennen"},"content":{"rendered":"<p align=\"justify\">Lizensierte Rennfahrer des Velo-Club Eichsfeld nehmen derzeit in den Nachwuchs- , M\u00e4nner- und Seniorenklassen an internationalen , nationalen und regionalen Wettbewerben teil. Damit die Rennfahrer bei den Radrennen bestehen k\u00f6nnen, ist ein hoher Trainingsaufwand n\u00f6tig. Deshalb bieten die Trainer und \u00dcbungsleiter des VCE Duderstadt folgende Trainingsma\u00dfnahmen an:<\/p>\n<div align=\"center\"><a href=\"http:\/\/www.team-quaisser.de\/vce\/radrennen\/wintertraining\/\" target=\"_blank\" rel=\"noopener noreferrer\">Stra\u00dfentraining w\u00e4hrend der Winterzeit<\/a><br \/>\n<a href=\"http:\/\/www.team-quaisser.de\/vce\/radrennen\/hallentraining\/\" target=\"_blank\" rel=\"noopener noreferrer\">Hallentraining im Winter<\/a><br \/>\n<a href=\"http:\/\/www.team-quaisser.de\/vce\/radrennen\/langlauftraining\/\" target=\"blank\" rel=\"noopener noreferrer\">Langlauftraining im Harz<\/a><br \/>\n<a href=\"http:\/\/www.team-quaisser.de\/vce\/strassentraining\/\" target=\"_blank\" rel=\"noopener noreferrer\">Stra\u00dfentraining w\u00e4hrend der Sommerzeit<\/a><br \/>\n<a href=\"http:\/\/www.team-quaisser.de\/vce\/radrennen\/bahntraining\/\" target=\"_blank\" rel=\"noopener noreferrer\">Bahntraining f\u00fcr Nachwuchsfahrer<\/a><br \/>\n<a href=\"http:\/\/www.team-quaisser.de\/vce\/radrennen\/trainer\/\" target=\"blank\" rel=\"noopener noreferrer\">Die Trainer und \u00dcbungsleiter des VCE<\/a><br \/>\n<a href=\"http:\/\/www.team-quaisser.de\/vce\/radrennen\/ehrentafel\/\" target=\"_blank\" rel=\"noopener noreferrer\">Ehrentafel &#8211; Erfolge bei Meisterschaften seit 2000<\/a><\/div>\n","protected":false},"excerpt":{"rendered":"<p>Lizensierte Rennfahrer des Velo-Club Eichsfeld nehmen derzeit in den Nachwuchs- , M\u00e4nner- und Seniorenklassen an internationalen , nationalen und regionalen Wettbewerben teil. Damit die Rennfahrer bei den Radrennen bestehen k\u00f6nnen, ist ein hoher Trainingsaufwand n\u00f6tig. Deshalb bieten die Trainer und \u00dcbungsleiter des VCE Duderstadt folgende Trainingsma\u00dfnahmen an: Stra\u00dfentraining w\u00e4hrend der Winterzeit Hallentraining im Winter Langlauftraining &hellip; <a href=\"http:\/\/www.team-quaisser.de\/vce\/radrennen\/\" class=\"more-link\"><span class=\"screen-reader-text\">Radrennen<\/span> weiterlesen <span class=\"meta-nav\">&rarr;<\/span><\/a><\/p>\n","protected":false},"author":1,"featured_media":0,"parent":0,"menu_order":0,"comment_status":"closed","ping_status":"closed","template":"","meta":[],"_links":{"self":[{"href":"http:\/\/www.team-quaisser.de\/vce\/wp-json\/wp\/v2\/pages\/39"}],"collection":[{"href":"http:\/\/www.team-quaisser.de\/vce\/wp-json\/wp\/v2\/pages"}],"about":[{"href":"http:\/\/www.team-quaisser.de\/vce\/wp-json\/wp\/v2\/types\/page"}],"author":[{"embeddable":true,"href":"http:\/\/www.team-quaisser.de\/vce\/wp-json\/wp\/v2\/users\/1"}],"replies":[{"embeddable":true,"href":"http:\/\/www.team-quaisser.de\/vce\/wp-json\/wp\/v2\/comments?post=39"}],"version-history":[{"count":11,"href":"http:\/\/www.team-quaisser.de\/vce\/wp-json\/wp\/v2\/pages\/39\/revisions"}],"predecessor-version":[{"id":923,"href":"http:\/\/www.team-quaisser.de\/vce\/wp-json\/wp\/v2\/pages\/39\/revisions\/923"}],"wp:attachment":[{"href":"http:\/\/www.team-quaisser.de\/vce\/wp-json\/wp\/v2\/media?parent=39"}],"curies":[{"name":"wp","href":"https:\/\/api.w.org\/{rel}","templated":true}]}}