{"id":29,"date":"2016-03-02T08:58:51","date_gmt":"2016-03-02T07:58:51","guid":{"rendered":"http:\/\/www.team-quaisser.de\/vce\/?page_id=29"},"modified":"2019-04-03T20:13:06","modified_gmt":"2019-04-03T18:13:06","slug":"geschichte","status":"publish","type":"page","link":"http:\/\/www.team-quaisser.de\/vce\/geschichte\/","title":{"rendered":"Geschichte"},"content":{"rendered":"<p><strong>Das Gr\u00fcndungsjahr 1988<\/strong><\/p>\n<p><em><strong>Der Radsport in der gesamten s\u00fcdnieders\u00e4chsischen Region muss popul\u00e4rer werden.\u201c<\/strong><\/em><img loading=\"lazy\" class=\"wp-image-599 alignleft\" src=\"http:\/\/www.team-quaisser.de\/vce\/wp-content\/uploads\/2018\/02\/Gruendung_VCE-237x300.jpg\" alt=\"Gruendung_VCE\" width=\"205\" height=\"259\" srcset=\"http:\/\/www.team-quaisser.de\/vce\/wp-content\/uploads\/2018\/02\/Gruendung_VCE-237x300.jpg 237w, http:\/\/www.team-quaisser.de\/vce\/wp-content\/uploads\/2018\/02\/Gruendung_VCE.jpg 348w\" sizes=\"(max-width: 205px) 100vw, 205px\" \/><br \/>\nMit diesen Worten des damaligen zuk\u00fcnftigen Vorsitzenden des VCE-Duderstadt\u2019s &#8211; Manfred Klingebiel &#8211; begann die Idee, ein Radsportverein ins Leben zu rufen. Genauer gesagt entstand diese w\u00e4hrend einer unserer (die zu der Zeit zusammen trainierenden Radsportler aus den kleinen Radfahrvereinen im Eichsfeld) sonnt\u00e4glichen Trainingsfahrten Anfang August 1988. An diesem Sonntag beschlossen wir, mit einer Showeinlage der Radsportler des Eichsfeldes am Sch\u00fctzenfestumzug in Gieboldehausen teilzunehmen.<br \/>\nSo traten wir das erste mal mit unserer Idee auf einem Baupritschenwagen, umgeben mit dem Schriftzug <strong><br \/>\n\u201cVeloclub Eichsfeld?\u201c<\/strong>, in der \u00d6ffentlichkeit auf.<br \/>\nDie Idee fand gro\u00dfen Anklang, so da\u00df wir diese konkretisierten und eine Gr\u00fcndungsversammlung auf den 1. September 1988 ein beriefen. Hintergrund der Vereinsgr\u00fcndung war haupts\u00e4chlich der, dass die hiesigen Radfahrvereine sich nicht gen\u00fcgend f\u00fcr den Radrennsport einsetzten, sondern mehr Engagement im -Bereich Radball und Kunstradfahren zeigten.<br \/>\nZu der Zeit gab es auch nur ca. zwei bis drei Radrennsportler pro Verein. So war es oft der Fall, dass wir die sowieso schon gemeinsam trainierenden Radrennsportler und unser Vereins \u00fcbergreifender Trainer \u201cManni\u201c zusammen taten, um zu den oft weit entfernten bundesoffenen Radrennen zu fahren.<br \/>\nMan kann heute \u00fcber die damalige Lage sagen, dass wir uns mit der Vereinsgr\u00fcndung aus der Not heraus gemeinsam eine sportliche Tugend geschaffen haben, die ohne \u00dcbertreibung eine Gr\u00f6\u00dfe im Eichsfelder Sportgeschehen geworden ist und dort seinen Platz gefunden hat.<br \/>\nIn einem Rundschreiben nach der Gr\u00fcndungsversammlung im September 1988, an alle Mitglieder, Freunde, m\u00f6gliche Sponsoren und Radsport Interessierten hie\u00df es: \u201eDer Verein m\u00f6chte dem Radsport neue Radsport Impulse geben und sich damit j\u00e4hrlich verpflichten, ein bundesoffenes Radrennen in Duderstadt einzurichten und ein Volksradfahren und eine RTF zu veranstalten.\u201c<br \/>\nIn einem ersten Artikel der hiesigen Lokalpresse nach der Vereinsgr\u00fcndung hie\u00df es weiterhin:<br \/>\n<strong>\u201cNeue Impulse durch den Velo-Club\u201c.<\/strong><\/p>\n<p><strong><a href=\"http:\/\/www.team-quaisser.de\/vce\/wp-content\/uploads\/2018\/02\/VCE10_Jahre.pdf\" target=\"_blank\" rel=\"noopener noreferrer\">Hier der R\u00fcckblick auf die ersten 10 Jahre<\/a><br \/>\n<\/strong>So begann die mittlerweile \u00fcber 25j\u00e4hrige \u00c4ra des VCE-Duderstadt.<br \/>\nLesen Sie mehr \u00fcber die 25-j\u00e4hrige Gechichte des VCE\u00a0 und laden Sie sich\u00a0<a href=\"http:\/\/www.team-quaisser.de\/vce\/wp-content\/uploads\/2016\/03\/25_Jahre_VCE_kl.pdf\" target=\"_blank\" rel=\"noopener noreferrer\">hier die Festschrift herunter!<\/a><\/p>\n<p><a href=\"http:\/\/www.team-quaisser.de\/radsport\/html\/rennsport\/ehrentafel.html\" target=\"_blank\" rel=\"noopener noreferrer\">Ehrentafel Rennsport<\/a><\/p>\n","protected":false},"excerpt":{"rendered":"<p>Das Gr\u00fcndungsjahr 1988 Der Radsport in der gesamten s\u00fcdnieders\u00e4chsischen Region muss popul\u00e4rer werden.\u201c Mit diesen Worten des damaligen zuk\u00fcnftigen Vorsitzenden des VCE-Duderstadt\u2019s &#8211; Manfred Klingebiel &#8211; begann die Idee, ein Radsportverein ins Leben zu rufen. Genauer gesagt entstand diese w\u00e4hrend einer unserer (die zu der Zeit zusammen trainierenden Radsportler aus den kleinen Radfahrvereinen im Eichsfeld) &hellip; <a href=\"http:\/\/www.team-quaisser.de\/vce\/geschichte\/\" class=\"more-link\"><span class=\"screen-reader-text\">Geschichte<\/span> weiterlesen <span class=\"meta-nav\">&rarr;<\/span><\/a><\/p>\n","protected":false},"author":1,"featured_media":0,"parent":0,"menu_order":0,"comment_status":"closed","ping_status":"closed","template":"","meta":[],"_links":{"self":[{"href":"http:\/\/www.team-quaisser.de\/vce\/wp-json\/wp\/v2\/pages\/29"}],"collection":[{"href":"http:\/\/www.team-quaisser.de\/vce\/wp-json\/wp\/v2\/pages"}],"about":[{"href":"http:\/\/www.team-quaisser.de\/vce\/wp-json\/wp\/v2\/types\/page"}],"author":[{"embeddable":true,"href":"http:\/\/www.team-quaisser.de\/vce\/wp-json\/wp\/v2\/users\/1"}],"replies":[{"embeddable":true,"href":"http:\/\/www.team-quaisser.de\/vce\/wp-json\/wp\/v2\/comments?post=29"}],"version-history":[{"count":11,"href":"http:\/\/www.team-quaisser.de\/vce\/wp-json\/wp\/v2\/pages\/29\/revisions"}],"predecessor-version":[{"id":920,"href":"http:\/\/www.team-quaisser.de\/vce\/wp-json\/wp\/v2\/pages\/29\/revisions\/920"}],"wp:attachment":[{"href":"http:\/\/www.team-quaisser.de\/vce\/wp-json\/wp\/v2\/media?parent=29"}],"curies":[{"name":"wp","href":"https:\/\/api.w.org\/{rel}","templated":true}]}}