{"id":233,"date":"2016-03-04T12:03:48","date_gmt":"2016-03-04T11:03:48","guid":{"rendered":"http:\/\/www.team-quaisser.de\/vce\/?page_id=233"},"modified":"2018-02-04T12:05:13","modified_gmt":"2018-02-04T11:05:13","slug":"strassentraining","status":"publish","type":"page","link":"http:\/\/www.team-quaisser.de\/vce\/radrennen\/strassentraining\/","title":{"rendered":"Stra\u00dfentraining"},"content":{"rendered":"<p>Der VCE Duderstadt bietet f\u00fcr Fahrer ab der Jugendklasse w\u00e4hrend der Saison 2 mal w\u00f6chentlich f\u00fcr Renner und ambitionierte RTF\u00b4ler ein gemeinsames Training in der Gruppe an. Ambitionierte Freizeitsportler und Rennradfahrer, die den Rennsport betreiben m\u00f6chten, sind zu einem Schnuppertraining recht herzlich eingeladen. Sch\u00fclerfahrer, Junioren und Jugendfahrer wenden sich bitte direkt an den Nachwuchstrainer Michael Kohlrautz. Bei trainingsmethodischen Fragen oder Hilfe bei der Erstellung von Trainingspl\u00e4nen k\u00f6nnen Sie sich auch an den A-Trainer Andr\u00e9 Quaisser wenden.<\/p>\n<p>Rennradfahren mit dem VCE, auf sch\u00f6nen Nebenstrecken durchs Eichsfeld, ist ab diesem Jahr<br \/>\nwieder regelm\u00e4\u00dfig donnerstags um 17.00 Uhr m\u00f6glich. Startpunkt ist die alte Molkerei in Gieboldehausen. Gefahren wird auf abwechslungsreichen Nebenstrecken. Je nach Leistungsstand werden die Streckenl\u00e4nge und Dauer den Fahrern angepasst.<\/p>\n<p>Helmpflicht!<\/p>\n<p>Trainingszeiten:<br \/>\nGieboldehausen<\/p>\n<p><span style=\"text-decoration: underline;\">Dienstag und\u00a0Donnerstag:<\/span><br \/>\n17:00 Uhr Molkerei in Gieboldehausen<br \/>\n17:30 Am Sportplatz in Duderstadt\/Westerode<\/p>\n<p>Trainer:<br \/>\n<a href=\"http:\/\/www.team-quaisser.de\/vce\/vorstand\/jugendwart-und-trainer\/\">Michael Kohlrautz<\/a><\/p>\n","protected":false},"excerpt":{"rendered":"<p>Der VCE Duderstadt bietet f\u00fcr Fahrer ab der Jugendklasse w\u00e4hrend der Saison 2 mal w\u00f6chentlich f\u00fcr Renner und ambitionierte RTF\u00b4ler ein gemeinsames Training in der Gruppe an. Ambitionierte Freizeitsportler und Rennradfahrer, die den Rennsport betreiben m\u00f6chten, sind zu einem Schnuppertraining recht herzlich eingeladen. Sch\u00fclerfahrer, Junioren und Jugendfahrer wenden sich bitte direkt an den Nachwuchstrainer Michael &hellip; <a href=\"http:\/\/www.team-quaisser.de\/vce\/radrennen\/strassentraining\/\" class=\"more-link\"><span class=\"screen-reader-text\">Stra\u00dfentraining<\/span> weiterlesen <span class=\"meta-nav\">&rarr;<\/span><\/a><\/p>\n","protected":false},"author":1,"featured_media":0,"parent":39,"menu_order":0,"comment_status":"closed","ping_status":"closed","template":"","meta":[],"_links":{"self":[{"href":"http:\/\/www.team-quaisser.de\/vce\/wp-json\/wp\/v2\/pages\/233"}],"collection":[{"href":"http:\/\/www.team-quaisser.de\/vce\/wp-json\/wp\/v2\/pages"}],"about":[{"href":"http:\/\/www.team-quaisser.de\/vce\/wp-json\/wp\/v2\/types\/page"}],"author":[{"embeddable":true,"href":"http:\/\/www.team-quaisser.de\/vce\/wp-json\/wp\/v2\/users\/1"}],"replies":[{"embeddable":true,"href":"http:\/\/www.team-quaisser.de\/vce\/wp-json\/wp\/v2\/comments?post=233"}],"version-history":[{"count":10,"href":"http:\/\/www.team-quaisser.de\/vce\/wp-json\/wp\/v2\/pages\/233\/revisions"}],"predecessor-version":[{"id":585,"href":"http:\/\/www.team-quaisser.de\/vce\/wp-json\/wp\/v2\/pages\/233\/revisions\/585"}],"up":[{"embeddable":true,"href":"http:\/\/www.team-quaisser.de\/vce\/wp-json\/wp\/v2\/pages\/39"}],"wp:attachment":[{"href":"http:\/\/www.team-quaisser.de\/vce\/wp-json\/wp\/v2\/media?parent=233"}],"curies":[{"name":"wp","href":"https:\/\/api.w.org\/{rel}","templated":true}]}}