{"id":229,"date":"2016-03-04T11:22:44","date_gmt":"2016-03-04T10:22:44","guid":{"rendered":"http:\/\/www.team-quaisser.de\/vce\/?page_id=229"},"modified":"2016-03-04T11:23:41","modified_gmt":"2016-03-04T10:23:41","slug":"langlauftraining","status":"publish","type":"page","link":"http:\/\/www.team-quaisser.de\/vce\/radrennen\/langlauftraining\/","title":{"rendered":"Langlauftraining"},"content":{"rendered":"<p>Eine alte Weisheit sagt: &#8222;Der Radsportler wird im Winter gemacht&#8220;. Leider ist auf Grund der Witterung im Winter oft kein Stra\u00dfentraining m\u00f6glich. Deshalb nutzen wir bei ausreichender Schneelage die N\u00e4he zum Harz aus und trainieren auf den Loipen um Sankt Andreasberg.<br \/>\nSkilanglauf ist eine komplexe Sportart, die das spezifische Radtraining optimal erg\u00e4nzt.<br \/>\nDas Training wird kurzfristig angesetzt und von Michael Kohlrautz geleitet.<\/p>\n","protected":false},"excerpt":{"rendered":"<p>Eine alte Weisheit sagt: &#8222;Der Radsportler wird im Winter gemacht&#8220;. Leider ist auf Grund der Witterung im Winter oft kein Stra\u00dfentraining m\u00f6glich. Deshalb nutzen wir bei ausreichender Schneelage die N\u00e4he zum Harz aus und trainieren auf den Loipen um Sankt Andreasberg. Skilanglauf ist eine komplexe Sportart, die das spezifische Radtraining optimal erg\u00e4nzt. Das Training wird &hellip; <a href=\"http:\/\/www.team-quaisser.de\/vce\/radrennen\/langlauftraining\/\" class=\"more-link\"><span class=\"screen-reader-text\">Langlauftraining<\/span> weiterlesen <span class=\"meta-nav\">&rarr;<\/span><\/a><\/p>\n","protected":false},"author":1,"featured_media":0,"parent":39,"menu_order":0,"comment_status":"closed","ping_status":"closed","template":"","meta":[],"_links":{"self":[{"href":"http:\/\/www.team-quaisser.de\/vce\/wp-json\/wp\/v2\/pages\/229"}],"collection":[{"href":"http:\/\/www.team-quaisser.de\/vce\/wp-json\/wp\/v2\/pages"}],"about":[{"href":"http:\/\/www.team-quaisser.de\/vce\/wp-json\/wp\/v2\/types\/page"}],"author":[{"embeddable":true,"href":"http:\/\/www.team-quaisser.de\/vce\/wp-json\/wp\/v2\/users\/1"}],"replies":[{"embeddable":true,"href":"http:\/\/www.team-quaisser.de\/vce\/wp-json\/wp\/v2\/comments?post=229"}],"version-history":[{"count":1,"href":"http:\/\/www.team-quaisser.de\/vce\/wp-json\/wp\/v2\/pages\/229\/revisions"}],"predecessor-version":[{"id":230,"href":"http:\/\/www.team-quaisser.de\/vce\/wp-json\/wp\/v2\/pages\/229\/revisions\/230"}],"up":[{"embeddable":true,"href":"http:\/\/www.team-quaisser.de\/vce\/wp-json\/wp\/v2\/pages\/39"}],"wp:attachment":[{"href":"http:\/\/www.team-quaisser.de\/vce\/wp-json\/wp\/v2\/media?parent=229"}],"curies":[{"name":"wp","href":"https:\/\/api.w.org\/{rel}","templated":true}]}}